{"id":38,"date":"2018-11-20T08:14:45","date_gmt":"2018-11-20T08:14:45","guid":{"rendered":"http:\/\/www.associazionepinamonte.it\/wordpress\/?page_id=38"},"modified":"2025-09-23T15:52:42","modified_gmt":"2025-09-23T15:52:42","slug":"faq","status":"publish","type":"page","link":"http:\/\/www.associazionepinamonte.it\/wordpress\/faq\/","title":{"rendered":"FAQ"},"content":{"rendered":"<div id='av_section_1'  class='avia-section main_color avia-section-default avia-no-shadow  avia-bg-style-scroll  avia-builder-el-0  avia-builder-el-no-sibling   container_wrap fullsize' style=' '  ><div class='container' ><main  role=\"main\" itemprop=\"mainContentOfPage\"  class='template-page content  av-content-full alpha units'><div class='post-entry post-entry-type-page post-entry-38'><div class='entry-content-wrapper clearfix'>\n<div class=\"flex_column av_one_full  flex_column_div av-zero-column-padding first  avia-builder-el-1  el_before_av_one_full  avia-builder-el-first  \" style='border-radius:0px; '><div  style='padding-bottom:10px; ' class='av-special-heading av-special-heading-h1  blockquote modern-quote modern-centered  avia-builder-el-2  avia-builder-el-no-sibling  '><h1 class='av-special-heading-tag '  itemprop=\"headline\"  >FAQ &#8211; FREQUENTLY ASKED QUESTIONS<\/h1><div class='special-heading-border'><div class='special-heading-inner-border' ><\/div><\/div><\/div><\/div><div class=\"flex_column av_one_full  flex_column_div av-zero-column-padding first  avia-builder-el-3  el_after_av_one_full  el_before_av_textblock  column-top-margin\" style='border-radius:0px; '><\/div><section class=\"av_textblock_section \"  itemscope=\"itemscope\" itemtype=\"https:\/\/schema.org\/CreativeWork\" ><div class='avia_textblock  '   itemprop=\"text\" ><ul>\n<li><span style=\"color: #83a846;\"><strong>\u00a0Cosa significa &#8220;Corsi predisposti per<span style=\"color: #83a846;\"> la pa<\/span>tente europea del computer (International Certification of Digital Literacy\u00a0 I.C.D.L.)&#8221;?<\/strong><\/span><\/li>\n<\/ul>\n<p><span style=\"color: #000000;\">Significa che frequentando il corso si acquisiscono le abilit\u00e0 necessarie per sostenere gli esami dell\u2019 I.C.D.L.<\/span><\/p>\n<ul>\n<li><span style=\"color: #83a846;\"><strong> Cos\u2019\u00e8 l\u2019 I.C.D.L.?<\/strong><\/span><\/li>\n<\/ul>\n<p><span style=\"color: #000000;\">E\u2019 una patente che certifica la conoscenza dei concetti fondamentali dell&#8217;informatica e la capacit\u00e0 di usare il PC e Internet. <\/span><\/p>\n<ul>\n<li><span style=\"color: #83a846;\"><strong> Se frequento il corso sono obbligato a sostenere gli esami ?<\/strong><\/span><\/li>\n<\/ul>\n<p><span style=\"color: #000000;\">NO. Solo chi vuole ottenere l\u2019ICDL dovr\u00e0 sostenere gli esami.<\/span><\/p>\n<ul>\n<li><span style=\"color: #83a846;\"><strong> Se voglio sostenere gli esami e conseguire l\u2019 ICDL sono obbligato a frequentare i corsi ?<\/strong><\/span><\/li>\n<\/ul>\n<p><span style=\"color: #000000;\">No, se si ritiene di essere sufficientemente preparati, si possono sostenere gli esami senza frequentare i corsi.<\/span><\/p>\n<ul>\n<li><span style=\"color: #83a846;\"><strong> Cosa devo fare se voglio iscrivermi ai corsi?\u00a0<\/strong><\/span><\/li>\n<\/ul>\n<p><span style=\"color: #000000;\">Ci sono diverse possibilit\u00e0:<\/span><\/p>\n<p><span style=\"color: #000000;\">-Ci si pu\u00f2 iscrivere on-line andando sulla pagina di iscrizione presente su questo sito;<\/span><\/p>\n<p><span style=\"color: #000000;\">-Si pu\u00f2 inviare una mail all\u2019indirizzo\u00a0associazionepinamonte@gmail.com<\/span><\/p>\n<p><span style=\"color: #000000;\">-Si pu\u00f2 telefonare alla Segreteria dell\u2019associazione\u00a0 al n. 039\/6051223 dalle 9,00 alle 13,00 da luned\u00ec a venerd\u00ec;<\/span><\/p>\n<p><span style=\"color: #000000;\">-Ci si pu\u00f2 recare direttamente in segreteria presso il Municipio del Comune di Agrate Brianza, P.za s. Paolo 24.<\/span><\/p>\n<ul>\n<li><span style=\"color: #83a846;\"><strong>Come faccio a sapere quando si possono sostenere gli esami?<\/strong><\/span><\/li>\n<\/ul>\n<p><span style=\"color: #000000;\">Le\u00a0date d\u2019esame pi\u00f9 prossime vengono segnalate sulla home page. Oppure si pu\u00f2 telefonare in segreteria.<\/span><\/p>\n<ul>\n<li><span style=\"color: #83a846;\"><strong> Quali sono\u00a0 le modalit\u00e0 di pagamento per i corsi e gli esami?<\/strong><\/span><\/li>\n<\/ul>\n<p><span style=\"color: #000000;\">Il pagamento avviene:<\/span><\/p>\n<p><span style=\"color: #000000;\">-con bonifico bancario sul conto\u00a0\u00a0<strong>IBAN IT43E0306909606100000120232 \u2013 INTESA SAN PAOLO<\/strong> specificando nella casuale NOME e COGNOME di chi frequenter\u00e0 il corso o sosterr\u00e0 l\u2019esame.<\/span><\/p>\n<ul>\n<li><span style=\"color: #83a846;\"><strong> Gli esami vanno sostenuti in ordine preciso?<\/strong><\/span><\/li>\n<\/ul>\n<p><span style=\"color: #000000;\">No. E\u2019 il candidato che sceglie quali esami vuole sostenere. In teoria non esiste un limite massimo del numero degli esami. Il limite \u00e8 stabilito dalla durata della sessione. Occorre tenere presente che ogni esame pu\u00f2 durare al max 45 minuti.<\/span><\/p>\n<ul>\n<li><span style=\"color: #83a846;\"><strong> Come si svolgono gli esami?<\/strong><\/span><\/li>\n<\/ul>\n<p><span style=\"color: #000000;\">Gli esami\u00a0 sono erogati dai Test Center mediante un sistema automatizzato che consente la valutazione automatica dell\u2019esito degli esami e la registrazione, via Internet, dei risultati in un database centralizzato di AICA. Il sistema simula gli applicativi software corrispondenti ai vari moduli di esami.<\/span><\/p>\n<p><span style=\"color: #000000;\">\u00c8 necessario acquistare la skills card e gli esami che si vogliono sostenere.<\/span><\/p>\n<p><span style=\"color: #000000;\">Il candidato deve presentarsi agli esami fornito di documento di riconoscimento, con foto: sono accettati da AICA tutti i documenti riconosciuti dallo Stato italiano (carta d\u2019identit\u00e0, passaporto) o, in assenza di questi, un qualsiasi documento emesso da enti pubblici (ad es. libretto universitario, patente di guida, ecc.), purch\u00e9 fornito di foto, nome, cognome e data di nascita o, in alternativa, una foto autenticata dal Comune.<\/span><\/p>\n<ul>\n<li><span style=\"color: #83a846;\"><strong>Che differenza c\u2019\u00e8 tra un corso di base e uno facilitato o per principianti?<\/strong><\/span><\/li>\n<\/ul>\n<p><span style=\"color: #000000;\">Il corso di base\u00a0\u00a0si rivolge a persone che vogliono imparare ad usare il pc ed il suo programma \u00e8 pi\u00f9 rigido in quanto fornisce le competenze per\u00a0 affrontare i 3 primi moduli dell&#8217;ICDL.<\/span><br \/>\n<span style=\"color: #000000;\"> Il corso facilitato ha come obiettivo quello di fornire le prime informazioni di base per un utilizzo semplice del PC e il programma pu\u00f2 variare\u00a0 a seconda delle richieste dei partecipanti.<\/span><\/p>\n<ul>\n<li><span style=\"color: #83a846;\"><strong> Posso frequentare un corso avanzato se non ho frequentato un corso base?<\/strong><\/span><\/li>\n<\/ul>\n<p><span style=\"color: #000000;\">S\u00ec, ma prima \u00e8 opportuno verificare se possiedo le conoscenze di base.\u00a0Occorre consultare il\u00a0 programma di base per verificare se tutto quello che viene elencato sono in grado di farlo.<\/span><\/p>\n<ul>\n<li><strong> La certificazione ha una scadenza?<\/strong><\/li>\n<\/ul>\n<p><span style=\"color: #000000;\">La certificazione ICDL STANDARD non ha scadenza<\/span><br \/>\n<span style=\"color: #000000;\"> La certificazione ICDL FULL STANDARD scade dopo 5 anni dalla data dell&#8217;ultimo esame sostenuto.<\/span><\/p>\n<ul>\n<li><strong>Come si rinnova la FULL STANDARD?<\/strong><\/li>\n<\/ul>\n<p><span style=\"color: #000000;\">Per rinnovare il certificato \u00e8 necessario superare,\u00a0entro e non oltre 5 anni dalla data di emissione del certificato, indipendentemente dalla data di scadenza,\u00a0l&#8217;esame ICDL Full Standard Update rispondendo a domande che vertono su tutti i sette moduli che compongono la certificazione.<\/span><br \/>\n<span style=\"color: #000000;\"> Anche Il certificato rilasciato a seguito dell\u2019esame di rinnovo avr\u00e0 validit\u00e0 di 5 anni, e conterr\u00e0 le seguenti date:<\/span><\/p>\n<ul>\n<li><span style=\"color: #000000;\">data di emissione: data del primo certificato conseguito<\/span><\/li>\n<li><span style=\"color: #000000;\">data di rinnovo: data dell\u2019ultimo rinnovo<\/span><\/li>\n<li><span style=\"color: #000000;\">data di scadenza: data di scadenza aggiornata<\/span><\/li>\n<\/ul>\n<\/div><\/section>\n\n","protected":false},"excerpt":{"rendered":"","protected":false},"author":1,"featured_media":0,"parent":0,"menu_order":0,"comment_status":"closed","ping_status":"closed","template":"","meta":{"footnotes":""},"_links":{"self":[{"href":"http:\/\/www.associazionepinamonte.it\/wordpress\/wp-json\/wp\/v2\/pages\/38"}],"collection":[{"href":"http:\/\/www.associazionepinamonte.it\/wordpress\/wp-json\/wp\/v2\/pages"}],"about":[{"href":"http:\/\/www.associazionepinamonte.it\/wordpress\/wp-json\/wp\/v2\/types\/page"}],"author":[{"embeddable":true,"href":"http:\/\/www.associazionepinamonte.it\/wordpress\/wp-json\/wp\/v2\/users\/1"}],"replies":[{"embeddable":true,"href":"http:\/\/www.associazionepinamonte.it\/wordpress\/wp-json\/wp\/v2\/comments?post=38"}],"version-history":[{"count":15,"href":"http:\/\/www.associazionepinamonte.it\/wordpress\/wp-json\/wp\/v2\/pages\/38\/revisions"}],"predecessor-version":[{"id":1818,"href":"http:\/\/www.associazionepinamonte.it\/wordpress\/wp-json\/wp\/v2\/pages\/38\/revisions\/1818"}],"wp:attachment":[{"href":"http:\/\/www.associazionepinamonte.it\/wordpress\/wp-json\/wp\/v2\/media?parent=38"}],"curies":[{"name":"wp","href":"https:\/\/api.w.org\/{rel}","templated":true}]}}